{"id":373,"date":"2025-06-16T12:58:18","date_gmt":"2025-06-16T10:58:18","guid":{"rendered":"https:\/\/ztr.web.amu.edu.pl\/en\/?page_id=373"},"modified":"2025-06-16T19:39:17","modified_gmt":"2025-06-16T17:39:17","slug":"publications-dtp-no-2","status":"publish","type":"page","link":"https:\/\/ztr.web.amu.edu.pl\/en\/publications-dtp-no-2\/","title":{"rendered":"Publications of the Department of Plant Taxonomy of Adam Mickiewicz University in Pozna\u0144 &#8211; no. 2"},"content":{"rendered":"\n<h2 class=\"wp-block-heading has-text-align-center\">Publications of the Department of Plant Taxonomy of Adam Mickiewicz University in Pozna\u0144 &#8211; no. 2<\/h2>\n\n\n\n<div style=\"height:20px\" aria-hidden=\"true\" class=\"wp-block-spacer\"><\/div>\n\n\n\n<h3 class=\"wp-block-heading has-text-align-center\">Atlas of distribution of vascular plants in Pozna\u0144.<\/h3>\n\n\n\n<figure class=\"wp-block-gallery has-nested-images columns-default is-cropped wp-block-gallery-1 is-layout-flex wp-block-gallery-is-layout-flex\">\n<figure class=\"wp-block-image size-large\"><img decoding=\"async\" data-id=\"498\" src=\"https:\/\/ztr.web.amu.edu.pl\/wp-content\/uploads\/2025\/03\/PDPT2_1.jpg\" alt=\"Rewers ok\u0142adki - Atlas rozmieszczenia ro\u015blin naczyniowych w Poznaniu. Prace Zak\u0142adu Taksonomii Ro\u015blin UAM w Poznaniu\" class=\"wp-image-498\"\/><\/figure>\n\n\n\n<figure class=\"wp-block-image size-large\"><img decoding=\"async\" data-id=\"499\" src=\"https:\/\/ztr.web.amu.edu.pl\/wp-content\/uploads\/2025\/03\/PDPT2_2.jpg\" alt=\"Awers ok\u0142adki - Front ok\u0142adki - Atlas rozmieszczenia ro\u015blin naczyniowych w Poznaniu. Prace Zak\u0142adu Taksonomii Ro\u015blin UAM w Poznaniu\" class=\"wp-image-499\"\/><\/figure>\n<\/figure>\n\n\n\n<div style=\"height:38px\" aria-hidden=\"true\" class=\"wp-block-spacer\"><\/div>\n\n\n\n<p><a href=\"https:\/\/ztr.web.amu.edu.pl\/en\/our-publishers\/\" data-type=\"link\" data-id=\"https:\/\/ztr.web.amu.edu.pl\/en\/our-publishers\/\">\u2190 return to list<\/a><\/p>\n\n\n\n<h3 class=\"wp-block-heading\"><strong>Abstract:<\/strong><\/h3>\n\n\n\n<p>In the work was shown distribution of 1223 species of vascular plants, which spontaneously occur or occurred in Pozna\u0144, in the 19th and 20th centuries. Pozna\u0144 belongs to the largest and oldest towns of Poland. It constitutes the administrative, cultural and industrial centre of the western region of Poland &#8211; of the Great Poland. The local ranges of plants were shown in a method of cartogram. For rare and endangered plants all localities were marked but for species occurring more often &#8211; contemporary localities. Historical sites are differentiated according to ecological criteria. The supplement to cartograms are classification data, diagrams illustrating ecological spectrum of species and their correlation with the distinguished in the town complexes of utilization of space. In added list of flora, comprising 1300 species, the sources of archival data were given, and for rare species also historical localities.<\/p>\n\n\n\n<h3 class=\"wp-block-heading\"><strong>Key words:<\/strong><\/h3>\n\n\n\n<p>vascular plants, maps of distribution, cartograms, great town, synanthropization, Great Poland<\/p>\n\n\n\n<h3 class=\"wp-block-heading\"><strong>Library note:<\/strong><\/h3>\n\n\n\n<p>JACKOWIAK B. 1993. Atlas of distribution of vascular plants in Pozna\u0144. Publication Department of Plant Taxonomy, AMU in Poznaniu. 2: 1-409.<\/p>\n\n\n\n<p><\/p>\n","protected":false},"excerpt":{"rendered":"<p>Publications of the Department of Plant Taxonomy of Adam Mickiewicz University in Pozna\u0144 &#8211; no. 2 Atlas of distribution of vascular plants in Pozna\u0144. \u2190 return to list Abstract: In &#8230;<\/p>\n","protected":false},"author":1,"featured_media":0,"parent":0,"menu_order":0,"comment_status":"closed","ping_status":"closed","template":"","meta":{"_themeisle_gutenberg_block_has_review":false,"footnotes":""},"class_list":["post-373","page","type-page","status-publish","hentry"],"_links":{"self":[{"href":"https:\/\/ztr.web.amu.edu.pl\/en\/wp-json\/wp\/v2\/pages\/373","targetHints":{"allow":["GET"]}}],"collection":[{"href":"https:\/\/ztr.web.amu.edu.pl\/en\/wp-json\/wp\/v2\/pages"}],"about":[{"href":"https:\/\/ztr.web.amu.edu.pl\/en\/wp-json\/wp\/v2\/types\/page"}],"author":[{"embeddable":true,"href":"https:\/\/ztr.web.amu.edu.pl\/en\/wp-json\/wp\/v2\/users\/1"}],"replies":[{"embeddable":true,"href":"https:\/\/ztr.web.amu.edu.pl\/en\/wp-json\/wp\/v2\/comments?post=373"}],"version-history":[{"count":3,"href":"https:\/\/ztr.web.amu.edu.pl\/en\/wp-json\/wp\/v2\/pages\/373\/revisions"}],"predecessor-version":[{"id":471,"href":"https:\/\/ztr.web.amu.edu.pl\/en\/wp-json\/wp\/v2\/pages\/373\/revisions\/471"}],"wp:attachment":[{"href":"https:\/\/ztr.web.amu.edu.pl\/en\/wp-json\/wp\/v2\/media?parent=373"}],"curies":[{"name":"wp","href":"https:\/\/api.w.org\/{rel}","templated":true}]}}