{"id":301,"date":"2025-06-11T19:44:11","date_gmt":"2025-06-11T17:44:11","guid":{"rendered":"https:\/\/ztr.web.amu.edu.pl\/en\/?page_id=301"},"modified":"2025-10-10T09:46:09","modified_gmt":"2025-10-10T07:46:09","slug":"siddiquee-asad","status":"publish","type":"page","link":"https:\/\/ztr.web.amu.edu.pl\/en\/siddiquee-asad\/","title":{"rendered":"Siddiquee Asad"},"content":{"rendered":"<div class=\"wp-block-image\">\n<figure class=\"alignright size-full is-resized\"><a href=\"https:\/\/ztr.web.amu.edu.pl\/siddiquee-asad\/\"><img decoding=\"async\" width=\"40\" height=\"20\" src=\"https:\/\/ztr.web.amu.edu.pl\/en\/wp-content\/uploads\/sites\/2\/2025\/06\/PL.jpg\" alt=\"PL\" class=\"wp-image-363\" style=\"width:40px;height:auto\"\/><\/a><\/figure>\n<\/div>\n\n\n<div class=\"wp-block-media-text has-media-on-the-right is-stacked-on-mobile is-vertically-aligned-top\" style=\"grid-template-columns:auto 24%\"><div class=\"wp-block-media-text__content\">\n<h3 class=\"wp-block-heading\" id=\"g\u00f3ra-strony\"><strong>Asad<\/strong> <strong>Siddiquee, M.Sc.<\/strong><\/h3>\n\n\n\n<p><strong>Office and address<\/strong><br>Department of Systematic and Environmental Botany<br>Collegium Biologicum<br>ul. Uniwersytetu Pozna\u0144skiego 6<br>61-614 Pozna\u0144<br>Room No.: 2.17<br>Tel. +48 61 829 56 97<br>E-mail: <a href=\"mailto:asasid@amu.edu.pl\" data-type=\"mailto\" data-id=\"mailto:asasid@amu.edu.pl\"><\/a><a href=\"mailto:asasid@amu.edu.pl\">asasid@amu.edu.pl<\/a><\/p>\n<\/div><figure class=\"wp-block-media-text__media\"><img fetchpriority=\"high\" decoding=\"async\" width=\"768\" height=\"1024\" src=\"https:\/\/ztr.web.amu.edu.pl\/en\/wp-content\/uploads\/sites\/2\/2025\/06\/Asad-Siddiquee.jpg\" alt=\"Asad Siddiquee, M.Sc.\" class=\"wp-image-302 size-full\" srcset=\"https:\/\/ztr.web.amu.edu.pl\/en\/wp-content\/uploads\/sites\/2\/2025\/06\/Asad-Siddiquee.jpg 768w, https:\/\/ztr.web.amu.edu.pl\/en\/wp-content\/uploads\/sites\/2\/2025\/06\/Asad-Siddiquee-225x300.jpg 225w\" sizes=\"(max-width: 768px) 100vw, 768px\" \/><\/figure><\/div>\n\n\n\n<p><a href=\"https:\/\/ztr.web.amu.edu.pl\/en\/ph-d-students\/\" data-type=\"page\" data-id=\"15\">\u2190 return to list<\/a><\/p>\n\n\n\n<div style=\"height:11px\" aria-hidden=\"true\" class=\"wp-block-spacer\"><\/div>\n\n\n\n<ul class=\"wp-block-list\">\n<li><a href=\"#Curriculum-vitae\" data-type=\"internal\" data-id=\"#Curriculum-vitae\">Curriculum vitae<\/a><\/li>\n\n\n\n<li><a href=\"#Research-areas-and-fields\" data-type=\"internal\" data-id=\"#Research-areas-and-fields\">Research areas and fields<\/a><\/li>\n\n\n\n<li><a href=\"#Chosen-scientific-publications\" data-type=\"internal\" data-id=\"#Chosen-scientific-publications\">Chosen scientific publications<\/a><\/li>\n<\/ul>\n\n\n\n<div style=\"height:54px\" aria-hidden=\"true\" class=\"wp-block-spacer\"><\/div>\n\n\n\n<h3 class=\"wp-block-heading\" id=\"Curriculum-vitae\"><a>Curriculum vitae<\/a><\/h3>\n\n\n\n<ul class=\"wp-block-list\">\n<li>2018 &#8211; Completion of a bachelor&#8217;s degree in Electrical and Electronic Engineering at the Faculty of Electrical and Electronic Engineering, International Islamic University Chittagong, Bangladesh.<\/li>\n\n\n\n<li>2021- Master&#8217;s degree completion in Biology at the Adam Mickiewicz University in Pozna\u0144, with a thesis titled: &#8222;<em>Impact of bioaerosol on overall aerosol level<\/em>&#8222;<\/li>\n\n\n\n<li>2021 &#8211; Commencement of Doctoral Schools at the Department of Natural Sciences, Adam Mickiewicz University\u00a0<\/li>\n<\/ul>\n\n\n\n<p class=\"has-text-align-right\"><a href=\"#page\" data-type=\"internal\" data-id=\"#page\">Up \u2191<\/a><\/p>\n\n\n\n<h3 class=\"wp-block-heading\" id=\"Research-areas-and-fields\"><a><strong>Research areas and fields<\/strong><\/a><\/h3>\n\n\n\n<ul class=\"wp-block-list\">\n<li>Changes in pollen grain allergenicity in the atmosphere (project NCN 2020\/39\/B\/ST10\/01554)<\/li>\n\n\n\n<li>Mechanism of long-range and local transport of pollen grains in the atmosphere<\/li>\n<\/ul>\n\n\n\n<p class=\"has-text-align-right\"><a href=\"#page\" data-type=\"internal\" data-id=\"#page\">Up \u2191<\/a><\/p>\n\n\n\n<h3 class=\"wp-block-heading\" id=\"Chosen-scientific-publications\"><a><strong><a href=\"https:\/\/ztr.web.amu.edu.pl\/en\/majchrzak-magdalena\/#Chosen-scientific-publications\">Chosen scientific publications<\/a><\/strong><\/a><\/h3>\n\n\n\n<ul class=\"wp-block-list\">\n<li>Grewling \u0141. Magyar D., Ch\u0142opek K., Grinn-Gofor\u0144 A., Gwiazdowska J., Siddiquee A., Ianovici N., Kasprzyk I., W\u00f3jcik M., Laffersova J., Majkowska-Wojciechowska B., Myszkowska D., Rodinkova V., Bortnyk M., Malkiewicz M., Piotrowska-Weryszko K., Sulborksa-R\u00f3\u017cycka A., Rybnicke O., Scevkova J., Sikoparija B., Skjoth C.A., Smith M., Bogawski P. 2022. Bioaerosols on the atmospheric super highway: An example of long distance transport of Alternaria spores from the Pannonian Plain to Poland. The Science of The Total Environment 819(9):153148<\/li>\n<\/ul>\n\n\n\n<p class=\"has-text-align-right\"><a href=\"#page\" data-type=\"internal\" data-id=\"#page\">Up \u2191<\/a><\/p>\n","protected":false},"excerpt":{"rendered":"<p>Asad Siddiquee, M.Sc. Office and addressDepartment of Systematic and Environmental BotanyCollegium Biologicumul. Uniwersytetu Pozna\u0144skiego 661-614 Pozna\u0144Room No.: 2.17Tel. +48 61 829 56 97E-mail: asasid@amu.edu.pl \u2190 return to list Curriculum vitae &#8230;<\/p>\n","protected":false},"author":22,"featured_media":0,"parent":0,"menu_order":0,"comment_status":"closed","ping_status":"closed","template":"","meta":{"_themeisle_gutenberg_block_has_review":false,"footnotes":""},"class_list":["post-301","page","type-page","status-publish","hentry"],"_links":{"self":[{"href":"https:\/\/ztr.web.amu.edu.pl\/en\/wp-json\/wp\/v2\/pages\/301","targetHints":{"allow":["GET"]}}],"collection":[{"href":"https:\/\/ztr.web.amu.edu.pl\/en\/wp-json\/wp\/v2\/pages"}],"about":[{"href":"https:\/\/ztr.web.amu.edu.pl\/en\/wp-json\/wp\/v2\/types\/page"}],"author":[{"embeddable":true,"href":"https:\/\/ztr.web.amu.edu.pl\/en\/wp-json\/wp\/v2\/users\/22"}],"replies":[{"embeddable":true,"href":"https:\/\/ztr.web.amu.edu.pl\/en\/wp-json\/wp\/v2\/comments?post=301"}],"version-history":[{"count":2,"href":"https:\/\/ztr.web.amu.edu.pl\/en\/wp-json\/wp\/v2\/pages\/301\/revisions"}],"predecessor-version":[{"id":624,"href":"https:\/\/ztr.web.amu.edu.pl\/en\/wp-json\/wp\/v2\/pages\/301\/revisions\/624"}],"wp:attachment":[{"href":"https:\/\/ztr.web.amu.edu.pl\/en\/wp-json\/wp\/v2\/media?parent=301"}],"curies":[{"name":"wp","href":"https:\/\/api.w.org\/{rel}","templated":true}]}}