{"id":278,"date":"2025-06-11T14:33:19","date_gmt":"2025-06-11T12:33:19","guid":{"rendered":"https:\/\/ztr.web.amu.edu.pl\/en\/?page_id=278"},"modified":"2025-10-10T09:44:25","modified_gmt":"2025-10-10T07:44:25","slug":"delikta-michal","status":"publish","type":"page","link":"https:\/\/ztr.web.amu.edu.pl\/en\/delikta-michal\/","title":{"rendered":"Delikta Micha\u0142"},"content":{"rendered":"<div class=\"wp-block-image\">\n<figure class=\"alignright size-full is-resized\"><a href=\"https:\/\/ztr.web.amu.edu.pl\/delikta-michal\/\"><img decoding=\"async\" width=\"40\" height=\"20\" src=\"https:\/\/ztr.web.amu.edu.pl\/en\/wp-content\/uploads\/sites\/2\/2025\/06\/PL.jpg\" alt=\"PL\" class=\"wp-image-363\" style=\"width:40px\"\/><\/a><\/figure>\n<\/div>\n\n\n<div class=\"wp-block-media-text has-media-on-the-right is-stacked-on-mobile\" style=\"grid-template-columns:auto 33%\"><div class=\"wp-block-media-text__content\">\n<h3 class=\"wp-block-heading\" id=\"g\u00f3ra-strony\"><strong><a>Micha\u0142 Delikta, <strong>M.Sc.<\/strong><\/a><\/strong><\/h3>\n\n\n\n<p><strong>Office and address<\/strong><br>Department of Systematic and Environmental Botany<br>Collegium Biologicum<br>ul. Uniwersytetu Pozna\u0144skiego 6<br>61-614 Pozna\u0144<br>Room No.: 2.12<br>Tel. +48 61 829 56 88<br>E-mail: <a href=\"mailto:micdel@amu.edu.pl\" data-type=\"mailto\" data-id=\"mailto:micdel@amu.edu.pl\"><\/a><a href=\"mailto:micdel@amu.edu.pl\">micdel@amu.edu.pl<\/a><\/p>\n<\/div><figure class=\"wp-block-media-text__media\"><img decoding=\"async\" src=\"https:\/\/ztr.web.amu.edu.pl\/wp-content\/uploads\/2025\/10\/Michal_Delikta.webp\" alt=\"\" class=\"wp-image-1487 size-full\"\/><\/figure><\/div>\n\n\n\n<p><a href=\"https:\/\/ztr.web.amu.edu.pl\/en\/staff\/\" data-type=\"page\" data-id=\"14\">\u2190 return to list<\/a><\/p>\n\n\n\n<div style=\"height:11px\" aria-hidden=\"true\" class=\"wp-block-spacer\"><\/div>\n\n\n\n<ul class=\"wp-block-list\">\n<li><a href=\"#Curriculum-vitae\" data-type=\"internal\" data-id=\"#Curriculum-vitae\">Curriculum vitae<\/a><\/li>\n\n\n\n<li><a href=\"#Kierunki-i-obszary-bada\u0144\" data-type=\"internal\" data-id=\"#Kierunki-i-obszary-bada\u0144\">Research Areas and Fields<\/a><\/li>\n\n\n\n<li><a href=\"#Referaty-i-postery\" data-type=\"internal\" data-id=\"#Referaty-i-postery\">Presentations and Posters<\/a><\/li>\n\n\n\n<li>Scientific Articles<\/li>\n<\/ul>\n\n\n\n<div style=\"height:42px\" aria-hidden=\"true\" class=\"wp-block-spacer\"><\/div>\n\n\n\n<h3 class=\"wp-block-heading\">Curriculum vitae<\/h3>\n\n\n\n<ul class=\"wp-block-list\">\n<li>Place and date of birth: Pozna\u0144, May 17, 1998<\/li>\n\n\n\n<li>Bachelor\u2019s studies in Geography, specialization in Hydrology, Meteorology, and Climatology (Faculty of Geographical and Geological Sciences, Adam Mickiewicz University in Pozna\u0144). Bachelor\u2019s thesis: Navigation on the Warta River.<\/li>\n\n\n\n<li>Master\u2019s studies in Geography, specialization in Cartography and Remote Sensing (Faculty of Geographical and Geological Sciences, Adam Mickiewicz University in Pozna\u0144). Master\u2019s thesis: Comparison of satellite image processing and classification results from Sentinel-2 and Landsat-8\/9.<\/li>\n\n\n\n<li>2022 &#8211; Senior Technician at the Biological Spatial Information Laboratory<\/li>\n\n\n\n<li>2023 &#8211; Commencement of Doctoral Schools at the Department of Natural Sciences, Adam Mickiewicz University<\/li>\n<\/ul>\n\n\n\n<h3 class=\"wp-block-heading\"><a><strong>Research Areas and Fields<\/strong><\/a><\/h3>\n\n\n\n<ul class=\"wp-block-list\">\n<li>Application of satellite remote sensing in plant ecology, with particular emphasis on multispectral data from Sentinel-2<\/li>\n\n\n\n<li>Detection and monitoring of invasive plant species using remote sensing methods<\/li>\n\n\n\n<li>Development of predictive modeling methods for the distribution range of invasive species using data fusion techniques in remote sensing<\/li>\n\n\n\n<li>Integration of spatio-temporal analyses to forecast the spread dynamics of invasive species<\/li>\n\n\n\n<li>Development of decision-support tools for nature conservation and environmental management, with an emphasis on counteracting the negative impacts of biological invasions<\/li>\n\n\n\n<li>Integration of satellite data of various spatial resolutions (including Sentinel-2, Landsat, WorldView, PlanetScope, UAV) to improve the detection accuracy and modeling of invasive species distributions<\/li>\n<\/ul>\n\n\n\n<h3 class=\"wp-block-heading\"><strong>Presentations and Posters<\/strong><\/h3>\n\n\n\n<ul class=\"wp-block-list\">\n<li><strong>Delikta, M<\/strong>., Nowak, M., Use of multispectral remote sensing data for detecting invasive alien tree Ailanthus altissima in urban environment. XXIII Og\u00f3lnopolskie Sympozjum Naukowe \u201eFotogrametria, teledetekcja i&nbsp;geoinformatyka \u2013 Innowacje w&nbsp;pozyskiwaniu i&nbsp;przetwarzaniu danych przestrzennych\u201d (2024) [23rd National Scientific Symposium \u201cPhotogrammetry, Remote Sensing, and Geoinformatics \u2013 Innovations in Spatial Data Acquisition and Processing\u201d (2024)].<\/li>\n\n\n\n<li>S\u0142upecka, K., <strong>Delikta, M<\/strong>., Kaczmarek, L., Florkowski, K., Nowak, M.. Historyczne dane przyrodnicze online, technologie mobilne i nauka obywatelska w monitoringu bior\u00f3\u017cnorodno\u015bci. [Historical biological data online, mobile technologies, and citizen science in biodiversity monitoring.] VIII Forum BioGIS, 29\u201330.11.2023, Pozna\u0144, Polska.<\/li>\n\n\n\n<li>Sobieraj, K., Wieczorek, O., <strong>Delikta, M.<\/strong>, Stawrakakis, K., Szyma\u0144ska, A., Bogawski, P., Grewling, \u0141. Spatiotemporal Variation in the Concentration of Cladosporium Sp. And Alternaria Sp. Spores in the Urban-rural Transition Zone. World Aerobiology,1-5.07.2024, Vilnus, Lithuania.<\/li>\n\n\n\n<li>Bogawski, P., Sobieraj, K., Szyma\u0144ska, A., Stawrakakis, K., <strong>Delikta, M.<\/strong>, Florkowski, K., S\u0142upecka, K., Majchrzak, M., Celka, Z., Grewling, \u0141.. Grass Pollen Concentration Across Urban-rural Gradient: Integrating Aerobiological Data With Species-level Botanical Survey, Meteorology and Remote Sensing. World Aerobiology,1-5.07.2024, Vilnus, Lithuania.<\/li>\n<\/ul>\n\n\n\n<p class=\"has-text-align-right\"><a href=\"#page\" data-type=\"internal\" data-id=\"#page\">Up \u2191<\/a><\/p>\n\n\n\n<h3 class=\"wp-block-heading\"><strong>Scientific Articles<\/strong><\/h3>\n\n\n\n<p><\/p>\n","protected":false},"excerpt":{"rendered":"<p>Micha\u0142 Delikta, M.Sc. Office and addressDepartment of Systematic and Environmental BotanyCollegium Biologicumul. Uniwersytetu Pozna\u0144skiego 661-614 Pozna\u0144Room No.: 2.12Tel. +48 61 829 56 88E-mail: micdel@amu.edu.pl \u2190 return to list Curriculum vitae &#8230;<\/p>\n","protected":false},"author":19,"featured_media":0,"parent":0,"menu_order":0,"comment_status":"closed","ping_status":"closed","template":"","meta":{"_themeisle_gutenberg_block_has_review":false,"footnotes":""},"class_list":["post-278","page","type-page","status-publish","hentry"],"_links":{"self":[{"href":"https:\/\/ztr.web.amu.edu.pl\/en\/wp-json\/wp\/v2\/pages\/278","targetHints":{"allow":["GET"]}}],"collection":[{"href":"https:\/\/ztr.web.amu.edu.pl\/en\/wp-json\/wp\/v2\/pages"}],"about":[{"href":"https:\/\/ztr.web.amu.edu.pl\/en\/wp-json\/wp\/v2\/types\/page"}],"author":[{"embeddable":true,"href":"https:\/\/ztr.web.amu.edu.pl\/en\/wp-json\/wp\/v2\/users\/19"}],"replies":[{"embeddable":true,"href":"https:\/\/ztr.web.amu.edu.pl\/en\/wp-json\/wp\/v2\/comments?post=278"}],"version-history":[{"count":5,"href":"https:\/\/ztr.web.amu.edu.pl\/en\/wp-json\/wp\/v2\/pages\/278\/revisions"}],"predecessor-version":[{"id":659,"href":"https:\/\/ztr.web.amu.edu.pl\/en\/wp-json\/wp\/v2\/pages\/278\/revisions\/659"}],"wp:attachment":[{"href":"https:\/\/ztr.web.amu.edu.pl\/en\/wp-json\/wp\/v2\/media?parent=278"}],"curies":[{"name":"wp","href":"https:\/\/api.w.org\/{rel}","templated":true}]}}