{"id":19,"date":"2025-05-06T13:48:08","date_gmt":"2025-05-06T11:48:08","guid":{"rendered":"https:\/\/ztr.web.amu.edu.pl\/en\/?page_id=19"},"modified":"2025-10-01T13:45:21","modified_gmt":"2025-10-01T11:45:21","slug":"our-publishers","status":"publish","type":"page","link":"https:\/\/ztr.web.amu.edu.pl\/en\/our-publishers\/","title":{"rendered":"OUR PUBLICATIONS"},"content":{"rendered":"<div class=\"wp-block-image\">\n<figure class=\"alignright size-full is-resized\"><a href=\"https:\/\/ztr.web.amu.edu.pl\/nasze-wydawnictwa\/\"><img decoding=\"async\" width=\"40\" height=\"20\" src=\"https:\/\/ztr.web.amu.edu.pl\/en\/wp-content\/uploads\/sites\/2\/2025\/06\/PL.jpg\" alt=\"PL\" class=\"wp-image-363\" style=\"width:40px\"\/><\/a><\/figure>\n<\/div>\n\n\n<h2 class=\"wp-block-heading has-text-align-center\">OUR PUBLICATIONS<\/h2>\n\n\n\n<div style=\"height:20px\" aria-hidden=\"true\" class=\"wp-block-spacer\"><\/div>\n\n\n\n<p>Department of Systematic and Environmental Botany (formerly: Department of Plant Taxonomy) carries out its own publishing activity. Since 1993 a series entitled&nbsp;<strong>&#8222;Prace Zak\u0142adu Taksonomii Ro\u015blin Uniwersytetu im. Adama Mickiewicza w Poznaniu &#8211; Publications of the Department of Plant Taxonomy of Adam Mickiewicz University in Pozna\u0144&#8221;<\/strong>&nbsp;(series edited by: Waldemar \u017bukowski) has been issued, whereas in 2006 the DPT initiated publishing of international scientific journal&nbsp;<strong>&#8222;Biodiversity: Research and Conservation&#8221;<\/strong>&nbsp;(Editor-in-Chief: Bogdan Jackowiak). The DPT has also published several occasional publications devoted to scientific conferences organised by us. &#8222;Prace Zak\u0142adu Taksonomii Ro\u015blin Uniwersytetu im. Adama Mickiewicza w Poznaniu &#8211; Publications of the Department of Plant Taxonomy of Adam Mickiewicz University in Pozna\u0144&#8221;<\/p>\n\n\n\n<div style=\"height:15px\" aria-hidden=\"true\" class=\"wp-block-spacer\"><\/div>\n\n\n\n<ul class=\"wp-block-list\">\n<li>Series &#8222;Publications of the Department of Plant Taxonomy of Adam Mickiewicz University in Pozna\u0144&#8221;<\/li>\n\n\n\n<li>Biodiversity: Research and Conservation<\/li>\n\n\n\n<li>Other publications<\/li>\n<\/ul>\n\n\n\n<div style=\"height:15px\" aria-hidden=\"true\" class=\"wp-block-spacer\"><\/div>\n\n\n\n<h3 class=\"wp-block-heading\"><a>Series &#8222;Publications of the Department of Plant Taxonomy of Adam Mickiewicz University in Pozna\u0144&#8221;<\/a><\/h3>\n\n\n\n<p>Series &#8222;Publications of the Department of Plant Taxonomy of Adam Mickiewicz University in Pozna\u0144&#8221; comprises, first of all, large monographic elaborations devoted to vascular plants&#8217; flora of chosen areas in NW part of Poland. Additionally, a few bibliographic registers have been published in the series. The works have been reviewed and published in Polish or in bilingual Polish-English version. Previous publications have been financed, among others, by: the former State Committee for Scientific Research, National Fund of Environmental Protection and Water Management, as well as the Adam Mickiewicz University in Pozna\u0144. First volume has been prepared in co-operation with the &#8222;Sorus&#8221; Publishing in Pozna\u0144, whereas most of the rest &#8211; by the &#8222;Bogucki&#8221; Scientific Publishers in Pozna\u0144. So far, the following volumes have been published:<\/p>\n\n\n\n<ol class=\"wp-block-list\">\n<li>CHMIEL J. 1993. Flora ro\u015blin naczyniowych wschodniej cz\u0119\u015bci Pojezierza Gnie\u017anie\u0144skiego i jej antropogeniczne przeobra\u017cenia w wieku XIX i XX. [Flora of vascular plants of the eastern part of the Gniezno Lake District and its transformation under the influence of man in the 19th and 20th centuries]. 1: 1-202, 2: Atlas rozmieszczenia ro\u015blin [Atlas of the distribution of plants] 1-212. ISBN 83-85599-23-1. In Polish with English summary.&nbsp;<a class=\"link-wiecej\" href=\"https:\/\/ztr.web.amu.edu.pl\/en\/publications-dtp-no-1\/\" data-type=\"page\" data-id=\"369\">more&#8230;<\/a><\/li>\n\n\n\n<li>JACKOWIAK B. 1993. Atlas rozmieszczenia ro\u015blin naczyniowych w Poznaniu [Atlas of distribution of vascular plants in Pozna\u0144]. 409 pp. ISBN 83-85599-26-6. In Polish and English.&nbsp;<a class=\"link-wiecej\" href=\"https:\/\/ztr.web.amu.edu.pl\/en\/publications-dtp-no-2\/\" data-type=\"page\" data-id=\"373\">more&#8230;<\/a><\/li>\n\n\n\n<li>\u017bUKOWSKI W., JACKOWIAK B. (red.) 1995. Gin\u0105ce i zagro\u017cone ro\u015bliny Pomorza Zachodniego i Wielkopolski. [Endangered and threatened vascular plants of Western Pomerania and Wielkopolska]. 141 pp, 33 photos. ISBN 83-86001-10-0 Part 1 &#8211; In Polish and English; Part 2 &#8211; In Polish with English summary.&nbsp;<a class=\"link-wiecej\" href=\"https:\/\/ztr.web.amu.edu.pl\/en\/publications-dtp-no-3\/\" data-type=\"page\" data-id=\"375\">more&#8230;<\/a><\/li>\n\n\n\n<li>\u017bUKOWSKI W., LATOWSKI K., JACKOWIAK B., CHMIEL J. 1995. Ro\u015bliny naczyniowe Wielkopolskiego Parku Narodowego. [The Vascular Plants of Wielkopolska National Park]. 231 pp, 31 figures, 12 tables. ISBN 83-86001-17-8. In Polish with English summary.&nbsp;<a class=\"link-wiecej\" href=\"https:\/\/ztr.web.amu.edu.pl\/en\/publications-dtp-no-4\/\" data-type=\"page\" data-id=\"379\">more&#8230;<\/a><\/li>\n\n\n\n<li>JACKOWIAK B., LATOWSKI K. 1996. Rozmieszczenie, ekologia i biologia chwast\u00f3w segetalnych. Bibliografia polskich prac do roku 1995. [Distribution, Ecology and Biology of Segetal Weeds. Bibliography of Polish Works till 1995]. 112 pp + diskette. ISBN 83-86001-27-5. In Polish and English.&nbsp;<a class=\"link-wiecej\" href=\"https:\/\/ztr.web.amu.edu.pl\/en\/publications-dtp-no-5\/\" data-type=\"page\" data-id=\"381\">more&#8230;<\/a><\/li>\n\n\n\n<li>PIOTROWSKA H., \u017bUKOWSKI W., JACKOWIAK B. 1997. Ro\u015bliny naczyniowe S\u0142owi\u0144skiego Parku Narodowego. [Vascular plants of S\u0142owi\u0144ski National Park]. 216 pp, 8 figures, 30 maps. ISBN 83-86001-52-6. In Polish with English summary.&nbsp;<a class=\"link-wiecej\" href=\"https:\/\/ztr.web.amu.edu.pl\/en\/publications-dtp-no-6\/\" data-type=\"page\" data-id=\"383\">more&#8230;<\/a><\/li>\n\n\n\n<li>CELKA Z., JACKOWIAK B. 1998. Bibliografia prac geobotanicznych opublikowanych w czasopi\u015bmie &#8222;Badania Fizjograficzne nad Polsk\u0105 Zachodni\u0105&#8221; w latach 1948-1997. [Bibliography of Geobotanical Works Published in the Journal &#8222;Physiographical Researches on Western Poland&#8221; in the Years 1948-1997]. 64 pp + diskette. ISBN 83-86001-59-3. In Polish and English.&nbsp;<a class=\"link-wiecej\" href=\"https:\/\/ztr.web.amu.edu.pl\/en\/publications-dtp-no-7\/\" data-type=\"page\" data-id=\"385\">more&#8230;<\/a><\/li>\n\n\n\n<li>JACKOWIAK B. 1998. Struktura przestrzenna flory du\u017cego miasta. Studium metodyczno-problemowe. [Spatial structure of urban flora. A methodological-cognitive study]. 228 pp, 98 figures, 29 tables. ISBN 83-86001-75-5. In Polish with English summary.&nbsp;<a class=\"link-wiecej\" href=\"https:\/\/ztr.web.amu.edu.pl\/en\/publications-dtp-no-8\/\" data-type=\"page\" data-id=\"387\">more&#8230;<\/a><\/li>\n\n\n\n<li>CELKA Z. 1999. Ro\u015bliny naczyniowe grodzisk Wielkopolski [The Vascular Plants of the Earthworks of Wielkopolska]. 159 pp, 38 figures, 29 tables, 16 photos. ISBN 83-88163-25-6. In Polish with English summary.&nbsp;<a class=\"link-wiecej\" href=\"https:\/\/ztr.web.amu.edu.pl\/en\/publications-dtp-no-9\/\" data-type=\"page\" data-id=\"389\">more&#8230;<\/a><\/li>\n\n\n\n<li>JACKOWIAK B., \u017bUKOWSKI W. (eds.) 2000. Mechanisms of Anthropogenic Changes of the Plant Cover. 305 pp, 126 figures, 23 tables. ISBN 83-88163-75-2. English text.&nbsp;<a class=\"link-wiecej\" href=\"https:\/\/ztr.web.amu.edu.pl\/en\/publications-dtp-no-10\" data-type=\"link\" data-id=\"https:\/\/ztr.web.amu.edu.pl\/en\/publications-dtp-no-10\">more&#8230;<\/a><\/li>\n\n\n\n<li>LATOWSKI K., JACKOWIAK B. 2001. Rozmieszczenie, ekologia i biologia chwast\u00f3w segetalnych. Bibliografia polskich prac za lata 1996-2000. [Distribution, Ecology and Biology of Segetal Weeds. Bibliography of Polish Works in 1996-2000]. 92 pp. ISBN 83-88163-76-0. In Polish and English.&nbsp;<a class=\"link-wiecej\" href=\"https:\/\/ztr.web.amu.edu.pl\/en\/publications-dtp-no-11\" data-type=\"link\" data-id=\"https:\/\/ztr.web.amu.edu.pl\/en\/publications-dtp-no-11\">more&#8230;<\/a><\/li>\n\n\n\n<li>\u017bUKOWSKI W., CELKA Z., CHMIEL J., JACKOWIAK B., LATOWSKI K., SZKUDLARZ P. 2001. Rozmieszczenie wybranych gatunk\u00f3w ro\u015blin gin\u0105cych w Wielkopolsce [Distribution of Selected Species of Threatened Plants in Wielkopolska]. 68 pp, 100 maps. ISBN 83-88163-77-9. In Polish and English.&nbsp;<a class=\"link-wiecej\" href=\"https:\/\/ztr.web.amu.edu.pl\/en\/publications-dtp-no-12\" data-type=\"link\" data-id=\"https:\/\/ztr.web.amu.edu.pl\/en\/publications-dtp-no-12\">more&#8230;<\/a><\/li>\n\n\n\n<li>CELKA Z. 1994. Atlas rozmieszczenia ro\u015blin naczyniowych na grodziskach Wielkopolski [Distribution Atlas of Vascular Plants on the Earthworks of Wielkopolska]. 447 pp, 808 maps, 29 tables, 16 photos. ISBN 83-88163-25-6. In Polish and English.&nbsp;<a class=\"link-wiecej\" href=\"https:\/\/ztr.web.amu.edu.pl\/en\/publications-dtp-no-13\" data-type=\"link\" data-id=\"https:\/\/ztr.web.amu.edu.pl\/en\/publications-dtp-no-13\">more&#8230;<\/a><\/li>\n\n\n\n<li>CHMIEL J. 2006. Zr\u00f3\u017cnicowanie przestrzenne flory jako podstawa ochrony przyrody w krajobrazie rolniczym [Spatial diversity of flora as a basis for nature conservancy in the agricultural landscape]. 250 pp, 69 figures, 43 tables. ISBN 83-60247-04-8. In Polish with English summary.&nbsp;<a class=\"link-wiecej\" href=\"https:\/\/ztr.web.amu.edu.pl\/en\/publications-dtp-no-14\" data-type=\"link\" data-id=\"https:\/\/ztr.web.amu.edu.pl\/en\/publications-dtp-no-14\">more&#8230;<\/a><\/li>\n\n\n\n<li>CHMIEL J. 2006. Ro\u015blin specjalnej troski i warto\u015bciowe obszary przyrodnicze w p\u00f3\u0142nocno-wschodniej Wielkopolsce [Plants of special care and valuable areas in the North-Eastern part of Wielkopolska]. 97 pp, 67 maps. ISBN 83-60247-05-6. In Polish with English summary.&nbsp;<a class=\"link-wiecej\" href=\"https:\/\/ztr.web.amu.edu.pl\/en\/publications-dtp-no-15\" data-type=\"link\" data-id=\"https:\/\/ztr.web.amu.edu.pl\/en\/publications-dtp-no-15\">more&#8230;<\/a><\/li>\n\n\n\n<li>LATOWSKI K., JACKOWIAK B. 2006. Rozmieszczenie, ekologia i biologia chwast\u00f3w segetalnych. Bibliografia polskich prac za lata 2001-2005. [Distribution, Ecology and Biology of Segetal Weeds. Bibliography of Polish Works in 2001-2005]. 104 pp. ISBN 83-922590-1-7. In Polish and English.&nbsp;<a class=\"link-wiecej\" href=\"https:\/\/ztr.web.amu.edu.pl\/en\/publications-dtp-no-16\" data-type=\"link\" data-id=\"https:\/\/ztr.web.amu.edu.pl\/en\/publications-dtp-no-16\">more&#8230;<\/a><\/li>\n\n\n\n<li>TOMA C. 2008. Studium kariologiczne gatunk\u00f3w z podklasy Alismatidae (rz\u0105d Helobiae) wyst\u0119puj\u0105cych w Polsce [Carpological study of species of Alismatidae subclass (Helobiae ordo) occuring in Poland]. Prace Zak\u0142adu Taksonomii Ro\u015blin UAM w Poznaniu. 16: 1-120. ISBN 978-83-61320-20-3. In Polish with English summary.&nbsp;<a class=\"link-wiecej\" href=\"https:\/\/ztr.web.amu.edu.pl\/en\/publications-dtp-no-17\" data-type=\"link\" data-id=\"https:\/\/ztr.web.amu.edu.pl\/en\/publications-dtp-no-17\">more&#8230;<\/a><\/li>\n\n\n\n<li>LATOWSKI K., JACKOWIAK B. 2011. Rozmieszczenie, ekologia i biologia chwast\u00f3w segetalnych. Bibliografia polskich prac za lata 2006-2010. [Distribution, Ecology and Biology of Segetal Weeds. Bibliography of Polish Works in 2006-2010]. 130 stron. Tekst dwuj\u0119zyczny: polski i angielski.&nbsp;<a class=\"link-wiecej\" href=\"https:\/\/ztr.web.amu.edu.pl\/en\/publications-dtp-no-18\/\" data-type=\"page\" data-id=\"410\">more&#8230;<\/a><\/li>\n\n\n\n<li>LATOWSKI K., SZKUDLARZ P., TOMA C. 2015. Morfologia, anatomia i taksonomia owoc\u00f3w i nasion. Bibliografia polskich prac karopologicznych z komentarzem. [Morphology, anatomy and taxonomy of fruits and seeds. Bibliography of Polish caropological works with a comment] 96 stron. Tekst w j\u0119zyku polskim, streszczenie w j\u0119zyku angielskim.&nbsp;<a class=\"link-wiecej\" href=\"https:\/\/ztr.web.amu.edu.pl\/en\/publications-dtp-no-19\/\" data-type=\"page\" data-id=\"413\">more&#8230;<\/a><\/li>\n\n\n\n<li>LATOWSKI K., JACKOWIAK B. 2016. Rozmieszczenie, ekologia i biologia chwast\u00f3w segetalnych. Bibliografia polskich prac za lata 2011-2015. [Distribution, Ecology and Biology of Segetal Weeds. Bibliography of Polish Works in 2011-2015. 134 strony. Tekst dwuj\u0119zyczny: polski i angielski. <a class=\"link-wiecej\" href=\"https:\/\/ztr.web.amu.edu.pl\/en\/publications-dtp-no-20\/\" data-type=\"page\" data-id=\"415\">more&#8230;<\/a><\/li>\n<\/ol>\n\n\n\n<div style=\"height:10px\" aria-hidden=\"true\" class=\"wp-block-spacer\"><\/div>\n\n\n\n<h3 class=\"wp-block-heading\"><a>Biodiversity: Research and Conservation<\/a><\/h3>\n\n\n\n<p>Biodiversity: Research and Conservation [Biodiv. Res. Conserv.] &#8211; a quarterly, international journal (in English) publishing original articles, short scientific announcements, as well as review papers on plant taxonomy, chorology, ecology and nature protection. Elaborations focused on contemporary transformations of biological diversity are preferred. All the manuscripts are first assessed by an international editorial board, and then by independent reviewers.<\/p>\n\n\n<div class=\"wp-block-image\">\n<figure class=\"aligncenter size-full is-resized\"><a href=\"http:\/\/brc.amu.edu.pl\/\"><img decoding=\"async\" src=\"https:\/\/ztr.web.amu.edu.pl\/wp-content\/uploads\/2025\/02\/brc-logo.png\" alt=\"\" class=\"wp-image-90\" style=\"width:262px;height:auto\"\/><\/a><\/figure>\n<\/div>\n\n\n<h3 class=\"wp-block-heading\"><a>Other publications<\/a><\/h3>\n\n\n\n<ul class=\"wp-block-list\">\n<li>2005 &#8211; JACKOWIAK B., CELKA Z. (eds.). Taxonomy, chorology and ecology of plants in the age of threats for biological diversity. Proceedings of the scientific conference dedicated to Professor Dr. Waldemar \u017bukowski on his 70th birthday. 308 pp. Adam Mickiewicz University, Faculty of Biology, Department of Plant Taxonomy. ISBN 83-922590-0-9.&nbsp;<a class=\"link-wiecej\" href=\"https:\/\/ztr.home.amu.edu.pl\/en\/s8_wyd0.html\">more&#8230;<\/a><\/li>\n\n\n\n<li>2005 &#8211; JACKOWIAK B., LATOWSKI K. (eds.). Segetal flora and vegetation of protected areas. Proceedings of scientific sessions and guide to field workshops during 29th National Scientific Conference from the series entitled &#8222;Distribution of segetal weeds in Poland. Pozna\u0144 &#8211; Czerniejewo 2005. 96 pp. ISBN 83-60247-00-5.&nbsp;<a class=\"link-wiecej\" href=\"https:\/\/ztr.home.amu.edu.pl\/en\/s8_wyd1.html\">more&#8230;<\/a><\/li>\n<\/ul>\n\n\n\n<p><\/p>\n","protected":false},"excerpt":{"rendered":"<p>OUR PUBLICATIONS Department of Systematic and Environmental Botany (formerly: Department of Plant Taxonomy) carries out its own publishing activity. Since 1993 a series entitled&nbsp;&#8222;Prace Zak\u0142adu Taksonomii Ro\u015blin Uniwersytetu im. Adama &#8230;<\/p>\n","protected":false},"author":1,"featured_media":0,"parent":0,"menu_order":0,"comment_status":"closed","ping_status":"closed","template":"","meta":{"_themeisle_gutenberg_block_has_review":false,"footnotes":""},"class_list":["post-19","page","type-page","status-publish","hentry"],"_links":{"self":[{"href":"https:\/\/ztr.web.amu.edu.pl\/en\/wp-json\/wp\/v2\/pages\/19","targetHints":{"allow":["GET"]}}],"collection":[{"href":"https:\/\/ztr.web.amu.edu.pl\/en\/wp-json\/wp\/v2\/pages"}],"about":[{"href":"https:\/\/ztr.web.amu.edu.pl\/en\/wp-json\/wp\/v2\/types\/page"}],"author":[{"embeddable":true,"href":"https:\/\/ztr.web.amu.edu.pl\/en\/wp-json\/wp\/v2\/users\/1"}],"replies":[{"embeddable":true,"href":"https:\/\/ztr.web.amu.edu.pl\/en\/wp-json\/wp\/v2\/comments?post=19"}],"version-history":[{"count":11,"href":"https:\/\/ztr.web.amu.edu.pl\/en\/wp-json\/wp\/v2\/pages\/19\/revisions"}],"predecessor-version":[{"id":646,"href":"https:\/\/ztr.web.amu.edu.pl\/en\/wp-json\/wp\/v2\/pages\/19\/revisions\/646"}],"wp:attachment":[{"href":"https:\/\/ztr.web.amu.edu.pl\/en\/wp-json\/wp\/v2\/media?parent=19"}],"curies":[{"name":"wp","href":"https:\/\/api.w.org\/{rel}","templated":true}]}}